{"id":984,"date":"2022-01-11T19:03:32","date_gmt":"2022-01-11T19:03:32","guid":{"rendered":"http:\/\/hitpass.immo\/?page_id=984"},"modified":"2026-01-07T12:39:31","modified_gmt":"2026-01-07T12:39:31","slug":"impressum","status":"publish","type":"page","link":"https:\/\/hitpass.immo\/nl\/impressum\/","title":{"rendered":"Afdruk"},"content":{"rendered":"<div data-elementor-type=\"wp-page\" data-elementor-id=\"984\" class=\"elementor elementor-984\" data-elementor-post-type=\"page\">\n\t\t\t\t\t\t<section class=\"elementor-section elementor-top-section elementor-element elementor-element-7a3eafa elementor-section-full_width elementor-section-height-default elementor-section-height-default\" data-id=\"7a3eafa\" data-element_type=\"section\" data-e-type=\"section\">\n\t\t\t\t\t\t<div class=\"elementor-container elementor-column-gap-no\">\n\t\t\t\t\t<div class=\"elementor-column elementor-col-100 elementor-top-column elementor-element elementor-element-caefd02\" data-id=\"caefd02\" data-element_type=\"column\" data-e-type=\"column\">\n\t\t\t<div class=\"elementor-widget-wrap elementor-element-populated\">\n\t\t\t\t\t\t<div class=\"elementor-element elementor-element-d3e24f4 eael-dual-header-content-align-center elementor-widget elementor-widget-eael-dual-color-header\" data-id=\"d3e24f4\" data-element_type=\"widget\" data-e-type=\"widget\" data-widget_type=\"eael-dual-color-header.default\">\n\t\t\t\t<div class=\"elementor-widget-container\">\n\t\t\t\t\t\t\t\t<div class=\"eael-dual-header\">\n\t\t\t\t<h2 class=\"title eael-dch-title\"><span class=\"eael-dch-title-text eael-dch-title-lead lead solid-color\">IM<\/span> <span class=\"eael-dch-title-text\">PRESS<\/span><\/h2>\t\t\t\t\t<span class=\"subtext\"><p>Alles wat belangrijk is<\/p><\/span>\n\t\t\t\t\t\t\t\t\t<span class=\"eael-dch-svg-icon\"><i aria-hidden=\"true\" class=\"far fa-caret-square-down\"><\/i><\/span>\t\t\t\t\t\t\t<\/div>\n\n\t\t\t\t\t\t<\/div>\n\t\t\t\t<\/div>\n\t\t\t\t<section class=\"elementor-section elementor-inner-section elementor-element elementor-element-36d0105 elementor-section-full_width elementor-section-height-default elementor-section-height-default\" data-id=\"36d0105\" data-element_type=\"section\" data-e-type=\"section\">\n\t\t\t\t\t\t<div class=\"elementor-container elementor-column-gap-no\">\n\t\t\t\t\t<div class=\"elementor-column elementor-col-25 elementor-inner-column elementor-element elementor-element-c3fd0b7\" data-id=\"c3fd0b7\" data-element_type=\"column\" data-e-type=\"column\">\n\t\t\t<div class=\"elementor-widget-wrap\">\n\t\t\t\t\t\t\t<\/div>\n\t\t<\/div>\n\t\t\t\t<div class=\"elementor-column elementor-col-25 elementor-inner-column elementor-element elementor-element-58b5cf1\" data-id=\"58b5cf1\" data-element_type=\"column\" data-e-type=\"column\">\n\t\t\t<div class=\"elementor-widget-wrap elementor-element-populated\">\n\t\t\t\t\t\t<div class=\"elementor-element elementor-element-d8a199f elementor-widget elementor-widget-text-editor\" data-id=\"d8a199f\" data-element_type=\"widget\" data-e-type=\"widget\" data-widget_type=\"text-editor.default\">\n\t\t\t\t<div class=\"elementor-widget-container\">\n\t\t\t\t\t\t\t\t\t<p>Heeft u nog vragen?<\/p><p>Detlef Hitpa\u00df<br \/>Onroerend goed makelaar<br \/>Siemensstrasse 49<br \/>46395 Bocholt<\/p><p><strong>Mobiel: +49 157 &#8211; 850 512 78<\/strong><br \/><a href=\"mailto:info@hitpass.immo\" target=\"_blank\" rel=\"noopener\"><span style=\"text-decoration: underline;\">info@hitpass.immo<\/span><\/a><\/p><p>Openingstijden: <br \/>Maandag tot vrijdag, van 9:00 tot 17:00.<br \/>Anders volgens afspraak.<\/p>\t\t\t\t\t\t\t\t<\/div>\n\t\t\t\t<\/div>\n\t\t\t\t\t<\/div>\n\t\t<\/div>\n\t\t\t\t<div class=\"elementor-column elementor-col-25 elementor-inner-column elementor-element elementor-element-9595174\" data-id=\"9595174\" data-element_type=\"column\" data-e-type=\"column\">\n\t\t\t<div class=\"elementor-widget-wrap elementor-element-populated\">\n\t\t\t\t\t\t<div class=\"elementor-element elementor-element-c56dfe0 elementor-widget elementor-widget-text-editor\" data-id=\"c56dfe0\" data-element_type=\"widget\" data-e-type=\"widget\" data-widget_type=\"text-editor.default\">\n\t\t\t\t<div class=\"elementor-widget-container\">\n\t\t\t\t\t\t\t\t\t<p><strong>Toezichthoudende autoriteit Kreis Borken<\/strong><br \/>Toestemming overeenkomstig \u00a734c van het handelsreglement van het district Borken <br \/>Landkreis Borken, Burloer Str. 93, 46325 Borken, tel. 02861\/82-0<br \/><span style=\"text-decoration: underline;\"><a href=\"http:\/\/www.kreis-borken.de\" target=\"_blank\" rel=\"noopener\">http:\/\/www.kreis-borken.de<\/a><\/span><\/p><p>Verkoopbelasting ID: DE225798592<\/p><p>Verantwoordelijk voor de inhoud van de website volgens, 10 paragraaf 3 MDStV:<\/p><p>Detlef Hitpa\u00df (Eigenaar)<\/p><p><strong>\u00a0<\/strong><\/p>\t\t\t\t\t\t\t\t<\/div>\n\t\t\t\t<\/div>\n\t\t\t\t\t<\/div>\n\t\t<\/div>\n\t\t\t\t<div class=\"elementor-column elementor-col-25 elementor-inner-column elementor-element elementor-element-8f8bed7\" data-id=\"8f8bed7\" data-element_type=\"column\" data-e-type=\"column\">\n\t\t\t<div class=\"elementor-widget-wrap\">\n\t\t\t\t\t\t\t<\/div>\n\t\t<\/div>\n\t\t\t\t\t<\/div>\n\t\t<\/section>\n\t\t\t\t\t<\/div>\n\t\t<\/div>\n\t\t\t\t\t<\/div>\n\t\t<\/section>\n\t\t\t\t<section class=\"elementor-section elementor-top-section elementor-element elementor-element-289b727 elementor-section-full_width elementor-section-height-default elementor-section-height-default\" data-id=\"289b727\" data-element_type=\"section\" data-e-type=\"section\">\n\t\t\t\t\t\t<div class=\"elementor-container elementor-column-gap-no\">\n\t\t\t\t\t<div class=\"elementor-column elementor-col-50 elementor-top-column elementor-element elementor-element-ee9cf9e\" data-id=\"ee9cf9e\" data-element_type=\"column\" data-e-type=\"column\" data-settings=\"{&quot;background_background&quot;:&quot;classic&quot;}\">\n\t\t\t<div class=\"elementor-widget-wrap\">\n\t\t\t\t\t\t\t<\/div>\n\t\t<\/div>\n\t\t\t\t<div class=\"elementor-column elementor-col-50 elementor-top-column elementor-element elementor-element-6d03138\" data-id=\"6d03138\" data-element_type=\"column\" data-e-type=\"column\" data-settings=\"{&quot;background_background&quot;:&quot;classic&quot;}\">\n\t\t\t<div class=\"elementor-widget-wrap elementor-element-populated\">\n\t\t\t\t\t\t<div class=\"elementor-element elementor-element-6ba2646 elementor-widget elementor-widget-heading\" data-id=\"6ba2646\" data-element_type=\"widget\" data-e-type=\"widget\" data-widget_type=\"heading.default\">\n\t\t\t\t<div class=\"elementor-widget-container\">\n\t\t\t\t\t<h2 class=\"elementor-heading-title elementor-size-default\">Neem contact met ons op, wij horen graag van u:<\/h2>\t\t\t\t<\/div>\n\t\t\t\t<\/div>\n\t\t\t\t\t<\/div>\n\t\t<\/div>\n\t\t\t\t\t<\/div>\n\t\t<\/section>\n\t\t\t\t<section class=\"elementor-section elementor-top-section elementor-element elementor-element-8b7330f elementor-section-full_width elementor-section-height-default elementor-section-height-default\" data-id=\"8b7330f\" data-element_type=\"section\" data-e-type=\"section\">\n\t\t\t\t\t\t<div class=\"elementor-container elementor-column-gap-no\">\n\t\t\t\t\t<div class=\"elementor-column elementor-col-50 elementor-top-column elementor-element elementor-element-7aa18c3\" data-id=\"7aa18c3\" data-element_type=\"column\" data-e-type=\"column\" data-settings=\"{&quot;background_background&quot;:&quot;classic&quot;}\">\n\t\t\t<div class=\"elementor-widget-wrap\">\n\t\t\t\t\t\t\t<\/div>\n\t\t<\/div>\n\t\t\t\t<div class=\"elementor-column elementor-col-50 elementor-top-column elementor-element elementor-element-7779329\" data-id=\"7779329\" data-element_type=\"column\" data-e-type=\"column\" data-settings=\"{&quot;background_background&quot;:&quot;classic&quot;}\">\n\t\t\t<div class=\"elementor-widget-wrap elementor-element-populated\">\n\t\t\t\t\t\t<div class=\"elementor-element elementor-element-11f9d15 elementor-widget elementor-widget-heading\" data-id=\"11f9d15\" data-element_type=\"widget\" data-e-type=\"widget\" data-widget_type=\"heading.default\">\n\t\t\t\t<div class=\"elementor-widget-container\">\n\t\t\t\t\t<h2 class=\"elementor-heading-title elementor-size-default\">Disclaimer<\/h2>\t\t\t\t<\/div>\n\t\t\t\t<\/div>\n\t\t\t\t<div class=\"elementor-element elementor-element-cb7c30d elementor-widget elementor-widget-text-editor\" data-id=\"cb7c30d\" data-element_type=\"widget\" data-e-type=\"widget\" data-widget_type=\"text-editor.default\">\n\t\t\t\t<div class=\"elementor-widget-container\">\n\t\t\t\t\t\t\t\t\t<p>Ondanks zorgvuldige controle van de inhoud aanvaarden wij geen aansprakelijkheid voor de inhoud van externe links. Voor de inhoud van de gelinkte pagina's zijn uitsluitend de beheerders ervan verantwoordelijk.<\/p><p>Alle rechten voorbehouden.<\/p><p>Alle afbeeldingen, teksten, grafieken, geluiden en andere ontwerpelementen vallen onder het auteursrecht. De gebruiksrechten van de getoonde referenties berusten bij de eigenaar van de site. De publicatie van de referenties is met de huiseigenaren overeengekomen op het moment van de foto's. Elke wijziging, overdracht, integratie op andere websites of ander gebruik vereist de schriftelijke toestemming van de eigenaars van de site!<\/p>\t\t\t\t\t\t\t\t<\/div>\n\t\t\t\t<\/div>\n\t\t\t\t\t<\/div>\n\t\t<\/div>\n\t\t\t\t\t<\/div>\n\t\t<\/section>\n\t\t\t\t<section class=\"elementor-section elementor-top-section elementor-element elementor-element-261686b elementor-section-full_width elementor-section-height-default elementor-section-height-default\" data-id=\"261686b\" data-element_type=\"section\" data-e-type=\"section\">\n\t\t\t\t\t\t<div class=\"elementor-container elementor-column-gap-no\">\n\t\t\t\t\t<div class=\"elementor-column elementor-col-50 elementor-top-column elementor-element elementor-element-c4446d6\" data-id=\"c4446d6\" data-element_type=\"column\" data-e-type=\"column\" data-settings=\"{&quot;background_background&quot;:&quot;classic&quot;}\">\n\t\t\t<div class=\"elementor-widget-wrap\">\n\t\t\t\t\t\t\t<\/div>\n\t\t<\/div>\n\t\t\t\t<div class=\"elementor-column elementor-col-50 elementor-top-column elementor-element elementor-element-7c12299\" data-id=\"7c12299\" data-element_type=\"column\" data-e-type=\"column\" data-settings=\"{&quot;background_background&quot;:&quot;classic&quot;}\">\n\t\t\t<div class=\"elementor-widget-wrap elementor-element-populated\">\n\t\t\t\t\t\t<div class=\"elementor-element elementor-element-fdb918e elementor-widget elementor-widget-heading\" data-id=\"fdb918e\" data-element_type=\"widget\" data-e-type=\"widget\" data-widget_type=\"heading.default\">\n\t\t\t\t<div class=\"elementor-widget-container\">\n\t\t\t\t\t<h2 class=\"elementor-heading-title elementor-size-default\">Ontwerp en programmering<\/h2>\t\t\t\t<\/div>\n\t\t\t\t<\/div>\n\t\t\t\t<div class=\"elementor-element elementor-element-b660919 elementor-widget elementor-widget-text-editor\" data-id=\"b660919\" data-element_type=\"widget\" data-e-type=\"widget\" data-widget_type=\"text-editor.default\">\n\t\t\t\t<div class=\"elementor-widget-container\">\n\t\t\t\t\t\t\t\t\t<p>michael jaugstetter door <span style=\"text-decoration: underline;\"><a href=\"https:\/\/www.edelweiss.design\" target=\"_blank\" rel=\"noopener\">edelweiss.design<\/a><\/span><\/p>\t\t\t\t\t\t\t\t<\/div>\n\t\t\t\t<\/div>\n\t\t\t\t\t<\/div>\n\t\t<\/div>\n\t\t\t\t\t<\/div>\n\t\t<\/section>\n\t\t\t\t<\/div>","protected":false},"excerpt":{"rendered":"<p>IM PRESSUM Alles, was wichtig ist Haben Sie Fragen, sehr gerne: Detlef Hitpa\u00dfImmobilienmaklerSiemensstrasse 4946395 Bocholt Mobil: +49 157 &#8211; 850 512 78info@hitpass.immo \u00d6ffnungszeiten: Montag bis Freitag, jeweils von 9:00 bis 17:00 Uhr.Sonst nach Vereinbarung. Aufsichtsbeh\u00f6rde Kreis BorkenErlaubnis nach \u00a734c der Gewerbeordnung durch den Kreis Borken Kreis Borken, Burloer Str. 93, 46325 Borken, Telefon 02861\/82-0http:\/\/www.kreis-borken.de Umsatzsteuer [&hellip;]<\/p>\n","protected":false},"author":1,"featured_media":0,"parent":0,"menu_order":0,"comment_status":"closed","ping_status":"closed","template":"elementor_header_footer","meta":{"footnotes":""},"class_list":["post-984","page","type-page","status-publish","hentry"],"_links":{"self":[{"href":"https:\/\/hitpass.immo\/nl\/wp-json\/wp\/v2\/pages\/984","targetHints":{"allow":["GET"]}}],"collection":[{"href":"https:\/\/hitpass.immo\/nl\/wp-json\/wp\/v2\/pages"}],"about":[{"href":"https:\/\/hitpass.immo\/nl\/wp-json\/wp\/v2\/types\/page"}],"author":[{"embeddable":true,"href":"https:\/\/hitpass.immo\/nl\/wp-json\/wp\/v2\/users\/1"}],"replies":[{"embeddable":true,"href":"https:\/\/hitpass.immo\/nl\/wp-json\/wp\/v2\/comments?post=984"}],"version-history":[{"count":31,"href":"https:\/\/hitpass.immo\/nl\/wp-json\/wp\/v2\/pages\/984\/revisions"}],"predecessor-version":[{"id":4168,"href":"https:\/\/hitpass.immo\/nl\/wp-json\/wp\/v2\/pages\/984\/revisions\/4168"}],"wp:attachment":[{"href":"https:\/\/hitpass.immo\/nl\/wp-json\/wp\/v2\/media?parent=984"}],"curies":[{"name":"wp","href":"https:\/\/api.w.org\/{rel}","templated":true}]}}