{"id":7,"date":"2022-01-04T13:32:26","date_gmt":"2022-01-04T13:32:26","guid":{"rendered":"http:\/\/hitpass.immo\/?page_id=7"},"modified":"2026-02-09T16:12:28","modified_gmt":"2026-02-09T16:12:28","slug":"willkommen","status":"publish","type":"page","link":"https:\/\/hitpass.immo\/nl\/","title":{"rendered":"Welkom"},"content":{"rendered":"<div data-elementor-type=\"wp-page\" data-elementor-id=\"7\" class=\"elementor elementor-7\" data-elementor-post-type=\"page\">\n\t\t\t\t\t\t<section class=\"elementor-section elementor-top-section elementor-element elementor-element-d36a8fd elementor-section-full_width elementor-section-height-default elementor-section-height-default\" data-id=\"d36a8fd\" data-element_type=\"section\" data-e-type=\"section\">\n\t\t\t\t\t\t<div class=\"elementor-container elementor-column-gap-no\">\n\t\t\t\t\t<div class=\"elementor-column elementor-col-33 elementor-top-column elementor-element elementor-element-f698b33 elementor-hidden-mobile\" data-id=\"f698b33\" data-element_type=\"column\" data-e-type=\"column\">\n\t\t\t<div class=\"elementor-widget-wrap\">\n\t\t\t\t\t\t\t<\/div>\n\t\t<\/div>\n\t\t\t\t<div class=\"elementor-column elementor-col-33 elementor-top-column elementor-element elementor-element-1df2070 elementor-hidden-mobile\" data-id=\"1df2070\" data-element_type=\"column\" data-e-type=\"column\" data-settings=\"{&quot;background_background&quot;:&quot;classic&quot;}\">\n\t\t\t<div class=\"elementor-widget-wrap elementor-element-populated\">\n\t\t\t\t\t\t<div class=\"elementor-element elementor-element-43a2bb7 elementor-widget elementor-widget-image\" data-id=\"43a2bb7\" data-element_type=\"widget\" data-e-type=\"widget\" data-widget_type=\"image.default\">\n\t\t\t\t<div class=\"elementor-widget-container\">\n\t\t\t\t\t\t\t\t\t\t\t\t\t\t\t<img fetchpriority=\"high\" decoding=\"async\" width=\"2100\" height=\"1400\" src=\"https:\/\/hitpass.immo\/wp-content\/uploads\/2026\/01\/Hitpass-Detlef-weiss.jpg\" class=\"attachment-full size-full wp-image-4169\" alt=\"\" srcset=\"https:\/\/hitpass.immo\/wp-content\/uploads\/2026\/01\/Hitpass-Detlef-weiss.jpg 2100w, https:\/\/hitpass.immo\/wp-content\/uploads\/2026\/01\/Hitpass-Detlef-weiss-300x200.jpg 300w, https:\/\/hitpass.immo\/wp-content\/uploads\/2026\/01\/Hitpass-Detlef-weiss-1024x683.jpg 1024w, https:\/\/hitpass.immo\/wp-content\/uploads\/2026\/01\/Hitpass-Detlef-weiss-768x512.jpg 768w, https:\/\/hitpass.immo\/wp-content\/uploads\/2026\/01\/Hitpass-Detlef-weiss-1536x1024.jpg 1536w, https:\/\/hitpass.immo\/wp-content\/uploads\/2026\/01\/Hitpass-Detlef-weiss-2048x1365.jpg 2048w, https:\/\/hitpass.immo\/wp-content\/uploads\/2026\/01\/Hitpass-Detlef-weiss-18x12.jpg 18w\" sizes=\"(max-width: 2100px) 100vw, 2100px\" \/>\t\t\t\t\t\t\t\t\t\t\t\t\t\t\t<\/div>\n\t\t\t\t<\/div>\n\t\t\t\t\t<\/div>\n\t\t<\/div>\n\t\t\t\t<div class=\"elementor-column elementor-col-33 elementor-top-column elementor-element elementor-element-aa2fcf1\" data-id=\"aa2fcf1\" data-element_type=\"column\" data-e-type=\"column\">\n\t\t\t<div class=\"elementor-widget-wrap elementor-element-populated\">\n\t\t\t\t\t\t<div class=\"elementor-element elementor-element-d86464d elementor-widget elementor-widget-heading\" data-id=\"d86464d\" data-element_type=\"widget\" data-e-type=\"widget\" data-widget_type=\"heading.default\">\n\t\t\t\t<div class=\"elementor-widget-container\">\n\t\t\t\t\t<h2 class=\"elementor-heading-title elementor-size-default\">Uw persoonlijke<br>Vastgoedpartner<br>in Bocholt<\/h2>\t\t\t\t<\/div>\n\t\t\t\t<\/div>\n\t\t\t\t\t<\/div>\n\t\t<\/div>\n\t\t\t\t\t<\/div>\n\t\t<\/section>\n\t\t\t\t<section class=\"elementor-section elementor-top-section elementor-element elementor-element-d6a9618 elementor-section-full_width elementor-section-height-min-height elementor-section-height-default elementor-section-items-middle\" data-id=\"d6a9618\" data-element_type=\"section\" data-e-type=\"section\" data-settings=\"{&quot;background_background&quot;:&quot;classic&quot;}\">\n\t\t\t\t\t\t<div class=\"elementor-container elementor-column-gap-no\">\n\t\t\t\t\t<div class=\"elementor-column elementor-col-100 elementor-top-column elementor-element elementor-element-b9052a1\" data-id=\"b9052a1\" data-element_type=\"column\" data-e-type=\"column\">\n\t\t\t<div class=\"elementor-widget-wrap\">\n\t\t\t\t\t\t\t<\/div>\n\t\t<\/div>\n\t\t\t\t\t<\/div>\n\t\t<\/section>\n\t\t\t\t<section class=\"elementor-section elementor-top-section elementor-element elementor-element-a1ffe65 elementor-section-full_width elementor-section-height-default elementor-section-height-default\" data-id=\"a1ffe65\" data-element_type=\"section\" data-e-type=\"section\">\n\t\t\t\t\t\t<div class=\"elementor-container elementor-column-gap-no\">\n\t\t\t\t\t<div class=\"elementor-column elementor-col-50 elementor-top-column elementor-element elementor-element-9f8dae7\" data-id=\"9f8dae7\" data-element_type=\"column\" data-e-type=\"column\" data-settings=\"{&quot;background_background&quot;:&quot;classic&quot;}\">\n\t\t\t<div class=\"elementor-widget-wrap\">\n\t\t\t\t\t\t\t<\/div>\n\t\t<\/div>\n\t\t\t\t<div class=\"elementor-column elementor-col-50 elementor-top-column elementor-element elementor-element-b0cd239\" data-id=\"b0cd239\" data-element_type=\"column\" data-e-type=\"column\" data-settings=\"{&quot;background_background&quot;:&quot;classic&quot;}\">\n\t\t\t<div class=\"elementor-widget-wrap elementor-element-populated\">\n\t\t\t\t\t\t<div class=\"elementor-element elementor-element-5babb7f elementor-widget elementor-widget-heading\" data-id=\"5babb7f\" data-element_type=\"widget\" data-e-type=\"widget\" data-widget_type=\"heading.default\">\n\t\t\t\t<div class=\"elementor-widget-container\">\n\t\t\t\t\t<h2 class=\"elementor-heading-title elementor-size-default\">Vakkundig, bedreven en bovenal<br>persoonlijk<\/h2>\t\t\t\t<\/div>\n\t\t\t\t<\/div>\n\t\t\t\t\t<\/div>\n\t\t<\/div>\n\t\t\t\t\t<\/div>\n\t\t<\/section>\n\t\t\t\t<section class=\"elementor-section elementor-top-section elementor-element elementor-element-cc9e1bd elementor-section-full_width elementor-section-height-default elementor-section-height-default\" data-id=\"cc9e1bd\" data-element_type=\"section\" data-e-type=\"section\">\n\t\t\t\t\t\t<div class=\"elementor-container elementor-column-gap-no\">\n\t\t\t\t\t<div class=\"elementor-column elementor-col-33 elementor-top-column elementor-element elementor-element-2285917\" data-id=\"2285917\" data-element_type=\"column\" data-e-type=\"column\">\n\t\t\t<div class=\"elementor-widget-wrap\">\n\t\t\t\t\t\t\t<\/div>\n\t\t<\/div>\n\t\t\t\t<div class=\"elementor-column elementor-col-33 elementor-top-column elementor-element elementor-element-8af38d6\" data-id=\"8af38d6\" data-element_type=\"column\" data-e-type=\"column\">\n\t\t\t<div class=\"elementor-widget-wrap elementor-element-populated\">\n\t\t\t\t\t\t<div class=\"elementor-element elementor-element-6b2685e elementor-widget elementor-widget-heading\" data-id=\"6b2685e\" data-element_type=\"widget\" data-e-type=\"widget\" data-widget_type=\"heading.default\">\n\t\t\t\t<div class=\"elementor-widget-container\">\n\t\t\t\t\t<h2 class=\"elementor-heading-title elementor-size-default\"><a href=\"https:\/\/hitpass.immo\/nl\/aktuell\/\">Dit zijn onze huidige projecten<\/a><\/h2>\t\t\t\t<\/div>\n\t\t\t\t<\/div>\n\t\t\t\t\t<\/div>\n\t\t<\/div>\n\t\t\t\t<div class=\"elementor-column elementor-col-33 elementor-top-column elementor-element elementor-element-b7d79aa\" data-id=\"b7d79aa\" data-element_type=\"column\" data-e-type=\"column\">\n\t\t\t<div class=\"elementor-widget-wrap\">\n\t\t\t\t\t\t\t<\/div>\n\t\t<\/div>\n\t\t\t\t\t<\/div>\n\t\t<\/section>\n\t\t\t\t<section class=\"elementor-section elementor-top-section elementor-element elementor-element-63689f1 elementor-section-full_width elementor-section-height-default elementor-section-height-default\" data-id=\"63689f1\" data-element_type=\"section\" data-e-type=\"section\">\n\t\t\t\t\t\t<div class=\"elementor-container elementor-column-gap-no\">\n\t\t\t\t\t<div class=\"elementor-column elementor-col-50 elementor-top-column elementor-element elementor-element-f743425\" data-id=\"f743425\" data-element_type=\"column\" data-e-type=\"column\" data-settings=\"{&quot;background_background&quot;:&quot;classic&quot;}\">\n\t\t\t<div class=\"elementor-widget-wrap\">\n\t\t\t\t\t\t\t<\/div>\n\t\t<\/div>\n\t\t\t\t<div class=\"elementor-column elementor-col-50 elementor-top-column elementor-element elementor-element-f92172b\" data-id=\"f92172b\" data-element_type=\"column\" data-e-type=\"column\" data-settings=\"{&quot;background_background&quot;:&quot;classic&quot;}\">\n\t\t\t<div class=\"elementor-widget-wrap elementor-element-populated\">\n\t\t\t\t\t\t<div class=\"elementor-element elementor-element-d260f8f elementor-widget elementor-widget-heading\" data-id=\"d260f8f\" data-element_type=\"widget\" data-e-type=\"widget\" data-widget_type=\"heading.default\">\n\t\t\t\t<div class=\"elementor-widget-container\">\n\t\t\t\t\t<h2 class=\"elementor-heading-title elementor-size-default\">Allemaal,<br>wat belangrijk voor ons is<\/h2>\t\t\t\t<\/div>\n\t\t\t\t<\/div>\n\t\t\t\t<div class=\"elementor-element elementor-element-d3f5670 elementor-widget elementor-widget-text-editor\" data-id=\"d3f5670\" data-element_type=\"widget\" data-e-type=\"widget\" data-widget_type=\"text-editor.default\">\n\t\t\t\t<div class=\"elementor-widget-container\">\n\t\t\t\t\t\t\t\t\t<p>Onroerend goed is mijn passie. Vanaf mijn allereerste zakelijke ervaringen is de persoonlijke, bewuste omgang met het hoogste goed van een mens en zijn gezin, namelijk zijn eigen vier muren, een echte zorg van mijn hart geweest. Uw idee\u00ebn, wensen en verlangens zijn mijn speciale aandacht.<\/p><p>In een persoonlijk gesprek peilen we precies naar deze behoeften en stemmen we de perfecte woning optimaal op u af. Dit gaat van loutere projectontwikkeling tot vastgoedmakelaardij.<\/p><p>Neem contact met ons op, we kijken uit naar uw aanvraag<\/p><p>Jouw Detlef Hitpa\u00df<\/p>\t\t\t\t\t\t\t\t<\/div>\n\t\t\t\t<\/div>\n\t\t\t\t\t<\/div>\n\t\t<\/div>\n\t\t\t\t\t<\/div>\n\t\t<\/section>\n\t\t\t\t<\/div>","protected":false},"excerpt":{"rendered":"<p>Ihr pers\u00f6nlicherImmobilien-Partnerin Bocholt Kompetent, versiert und vor allempers\u00f6nlich Hier unsere aktuellen Projekte Alles,was uns wichtig ist: Immobilien sind meine Leidenschaft. Schon von ersten Business-Erfahrungen an war mir der pers\u00f6nliche, bewu\u00dfte Umgang mit dem h\u00f6chsten Gut eines Menschen und seiner Familie, die eigenen vier W\u00e4nde n\u00e4mlich, ein echtes Herzensanliegen. Dabei liegen Ihre Vorstellungen, W\u00fcnsche und in [&hellip;]<\/p>\n","protected":false},"author":1,"featured_media":0,"parent":0,"menu_order":0,"comment_status":"closed","ping_status":"closed","template":"elementor_header_footer","meta":{"footnotes":""},"class_list":["post-7","page","type-page","status-publish","hentry"],"_links":{"self":[{"href":"https:\/\/hitpass.immo\/nl\/wp-json\/wp\/v2\/pages\/7","targetHints":{"allow":["GET"]}}],"collection":[{"href":"https:\/\/hitpass.immo\/nl\/wp-json\/wp\/v2\/pages"}],"about":[{"href":"https:\/\/hitpass.immo\/nl\/wp-json\/wp\/v2\/types\/page"}],"author":[{"embeddable":true,"href":"https:\/\/hitpass.immo\/nl\/wp-json\/wp\/v2\/users\/1"}],"replies":[{"embeddable":true,"href":"https:\/\/hitpass.immo\/nl\/wp-json\/wp\/v2\/comments?post=7"}],"version-history":[{"count":194,"href":"https:\/\/hitpass.immo\/nl\/wp-json\/wp\/v2\/pages\/7\/revisions"}],"predecessor-version":[{"id":4176,"href":"https:\/\/hitpass.immo\/nl\/wp-json\/wp\/v2\/pages\/7\/revisions\/4176"}],"wp:attachment":[{"href":"https:\/\/hitpass.immo\/nl\/wp-json\/wp\/v2\/media?parent=7"}],"curies":[{"name":"wp","href":"https:\/\/api.w.org\/{rel}","templated":true}]}}