{"id":2284,"date":"2022-02-28T16:46:48","date_gmt":"2022-02-28T16:46:48","guid":{"rendered":"http:\/\/hitpass.immo\/?page_id=2284"},"modified":"2023-09-06T07:53:32","modified_gmt":"2023-09-06T07:53:32","slug":"haeuser","status":"publish","type":"page","link":"https:\/\/hitpass.immo\/nl\/haeuser\/","title":{"rendered":"Huizen"},"content":{"rendered":"<div data-elementor-type=\"wp-page\" data-elementor-id=\"2284\" class=\"elementor elementor-2284\" data-elementor-post-type=\"page\">\n\t\t\t\t\t\t<section class=\"elementor-section elementor-top-section elementor-element elementor-element-a1ffe65 elementor-section-full_width elementor-section-height-default elementor-section-height-default\" data-id=\"a1ffe65\" data-element_type=\"section\" data-e-type=\"section\">\n\t\t\t\t\t\t<div class=\"elementor-container elementor-column-gap-no\">\n\t\t\t\t\t<div class=\"elementor-column elementor-col-50 elementor-top-column elementor-element elementor-element-9f8dae7\" data-id=\"9f8dae7\" data-element_type=\"column\" data-e-type=\"column\" data-settings=\"{&quot;background_background&quot;:&quot;classic&quot;}\">\n\t\t\t<div class=\"elementor-widget-wrap\">\n\t\t\t\t\t\t\t<\/div>\n\t\t<\/div>\n\t\t\t\t<div class=\"elementor-column elementor-col-50 elementor-top-column elementor-element elementor-element-b0cd239\" data-id=\"b0cd239\" data-element_type=\"column\" data-e-type=\"column\" data-settings=\"{&quot;background_background&quot;:&quot;classic&quot;}\">\n\t\t\t<div class=\"elementor-widget-wrap elementor-element-populated\">\n\t\t\t\t\t\t<div class=\"elementor-element elementor-element-5babb7f elementor-widget elementor-widget-heading\" data-id=\"5babb7f\" data-element_type=\"widget\" data-e-type=\"widget\" data-widget_type=\"heading.default\">\n\t\t\t\t<div class=\"elementor-widget-container\">\n\t\t\t\t\t<h2 class=\"elementor-heading-title elementor-size-default\">Hier vindt u onze huidige huizen:<\/h2>\t\t\t\t<\/div>\n\t\t\t\t<\/div>\n\t\t\t\t\t<\/div>\n\t\t<\/div>\n\t\t\t\t\t<\/div>\n\t\t<\/section>\n\t\t\t\t<section class=\"elementor-section elementor-top-section elementor-element elementor-element-cc9e1bd elementor-section-full_width elementor-section-height-default elementor-section-height-default\" data-id=\"cc9e1bd\" data-element_type=\"section\" data-e-type=\"section\">\n\t\t\t\t\t\t<div class=\"elementor-container elementor-column-gap-no\">\n\t\t\t\t\t<div class=\"elementor-column elementor-col-33 elementor-top-column elementor-element elementor-element-2285917\" data-id=\"2285917\" data-element_type=\"column\" data-e-type=\"column\">\n\t\t\t<div class=\"elementor-widget-wrap\">\n\t\t\t\t\t\t\t<\/div>\n\t\t<\/div>\n\t\t\t\t<div class=\"elementor-column elementor-col-33 elementor-top-column elementor-element elementor-element-8af38d6\" data-id=\"8af38d6\" data-element_type=\"column\" data-e-type=\"column\">\n\t\t\t<div class=\"elementor-widget-wrap elementor-element-populated\">\n\t\t\t\t\t\t<div class=\"elementor-element elementor-element-662a32a elementor-grid-eael-col-3 elementor-grid-tablet-eael-col-2 elementor-grid-mobile-eael-col-1 elementor-widget elementor-widget-eael-post-grid\" data-id=\"662a32a\" data-element_type=\"widget\" data-e-type=\"widget\" data-settings=\"{&quot;eael_post_grid_columns&quot;:&quot;eael-col-3&quot;,&quot;eael_post_grid_columns_tablet&quot;:&quot;eael-col-2&quot;,&quot;eael_post_grid_columns_mobile&quot;:&quot;eael-col-1&quot;}\" data-widget_type=\"eael-post-grid.default\">\n\t\t\t\t<div class=\"elementor-widget-container\">\n\t\t\t\t\t<div id=\"eael-post-grid-662a32a\" class=\"eael-post-grid-container\">\n            <div class=\"eael-post-grid eael-post-appender eael-post-appender-662a32a eael-post-grid-style-two\" data-layout-mode=\"grid\"><article class=\"eael-grid-post  eael-post-grid-column eael-pg-post-3196 category-haeuser-haeuser-aktuell-verkauft tags-verkauft\" data-id=\"3196\">\n    <div class=\"eael-grid-post-holder\">\n        <div class=\"eael-grid-post-holder-inner\"><div class=\"eael-entry-media\"><div class=\"eael-entry-overlay fade-in\"><i class=\"fas fa-long-arrow-alt-right\" aria-hidden=\"true\"><\/i><a href=\"https:\/\/hitpass.immo\/nl\/immobilien\/haeuser\/efh-in-sudlohn\/\"><\/a><\/div><div class=\"eael-entry-thumbnail\">\n                            <img fetchpriority=\"high\" decoding=\"async\" width=\"768\" height=\"512\" src=\"https:\/\/hitpass.immo\/wp-content\/uploads\/2022\/08\/122955386-768x512.webp\" class=\"attachment-medium_large size-medium_large wp-image-3197\" alt=\"\" srcset=\"https:\/\/hitpass.immo\/wp-content\/uploads\/2022\/08\/122955386-768x512.webp 768w, https:\/\/hitpass.immo\/wp-content\/uploads\/2022\/08\/122955386-300x200.webp 300w, https:\/\/hitpass.immo\/wp-content\/uploads\/2022\/08\/122955386-1024x683.webp 1024w, https:\/\/hitpass.immo\/wp-content\/uploads\/2022\/08\/122955386-1536x1024.webp 1536w, https:\/\/hitpass.immo\/wp-content\/uploads\/2022\/08\/122955386-18x12.webp 18w, https:\/\/hitpass.immo\/wp-content\/uploads\/2022\/08\/122955386-1200x800.webp 1200w, https:\/\/hitpass.immo\/wp-content\/uploads\/2022\/08\/122955386.webp 1600w\" sizes=\"(max-width: 768px) 100vw, 768px\" \/>\n                            <\/div>\n                    <\/div><div class=\"eael-entry-wrapper\"><header class=\"eael-entry-header\"><h2 class=\"eael-entry-title\"><a class=\"eael-grid-post-link\" href=\"https:\/\/hitpass.immo\/nl\/immobilien\/haeuser\/efh-in-sudlohn\/\" title=\"VERKOCHT! EFH in S\u00fcdlohn\">VERKOCHT! EFH in S\u00fcdlohn<\/a><\/h2><\/header><div class=\"eael-entry-content\">\n                                <div class=\"eael-grid-post-excerpt\"><p>Prachtig onderhouden vrijstaand huis in S\u00fcdlohn uit 2007 met ruime kelder...<\/p><a href=\"https:\/\/hitpass.immo\/nl\/immobilien\/haeuser\/efh-in-sudlohn\/\" class=\"eael-post-elements-readmore-btn\">Lees meer<\/a><\/div>\n                            <\/div><\/div><\/div>\n    <\/div>\n<\/article><article class=\"eael-grid-post  eael-post-grid-column eael-pg-post-2452 category-haeuser-haeuser-aktuell-verkauft tags-1900-verkauft\" data-id=\"2452\">\n    <div class=\"eael-grid-post-holder\">\n        <div class=\"eael-grid-post-holder-inner\"><div class=\"eael-entry-media\"><div class=\"eael-entry-overlay fade-in\"><i class=\"fas fa-long-arrow-alt-right\" aria-hidden=\"true\"><\/i><a href=\"https:\/\/hitpass.immo\/nl\/immobilien\/haeuser\/historisches-efh-in-suedlohn\/\"><\/a><\/div><div class=\"eael-entry-thumbnail\">\n                            <img decoding=\"async\" width=\"768\" height=\"480\" src=\"https:\/\/hitpass.immo\/wp-content\/uploads\/2022\/04\/84397117-768x480.webp\" class=\"attachment-medium_large size-medium_large wp-image-2455\" alt=\"\" srcset=\"https:\/\/hitpass.immo\/wp-content\/uploads\/2022\/04\/84397117-768x480.webp 768w, https:\/\/hitpass.immo\/wp-content\/uploads\/2022\/04\/84397117-300x188.webp 300w, https:\/\/hitpass.immo\/wp-content\/uploads\/2022\/04\/84397117-1024x641.webp 1024w, https:\/\/hitpass.immo\/wp-content\/uploads\/2022\/04\/84397117-1536x961.webp 1536w, https:\/\/hitpass.immo\/wp-content\/uploads\/2022\/04\/84397117-18x12.webp 18w, https:\/\/hitpass.immo\/wp-content\/uploads\/2022\/04\/84397117-1200x751.webp 1200w, https:\/\/hitpass.immo\/wp-content\/uploads\/2022\/04\/84397117.webp 1600w\" sizes=\"(max-width: 768px) 100vw, 768px\" \/>\n                            <\/div>\n                    <\/div><div class=\"eael-entry-wrapper\"><header class=\"eael-entry-header\"><h2 class=\"eael-entry-title\"><a class=\"eael-grid-post-link\" href=\"https:\/\/hitpass.immo\/nl\/immobilien\/haeuser\/historisches-efh-in-suedlohn\/\" title=\"VERKOCHT! Historische EFH in S\u00fcdlohn\">VERKOCHT! Historische EFH in S\u00fcdlohn<\/a><\/h2><\/header><div class=\"eael-entry-content\">\n                                <div class=\"eael-grid-post-excerpt\"><p>Zeer ruim huis met aangebouwde berging\/kelder (90 m2) Centraal gelegen...<\/p><a href=\"https:\/\/hitpass.immo\/nl\/immobilien\/haeuser\/historisches-efh-in-suedlohn\/\" class=\"eael-post-elements-readmore-btn\">Lees meer<\/a><\/div>\n                            <\/div><\/div><\/div>\n    <\/div>\n<\/article><\/div>\n            <div class=\"clearfix\"><\/div>\n        <\/div>\t\t\t\t<\/div>\n\t\t\t\t<\/div>\n\t\t\t\t\t<\/div>\n\t\t<\/div>\n\t\t\t\t<div class=\"elementor-column elementor-col-33 elementor-top-column elementor-element elementor-element-b7d79aa elementor-hidden-tablet elementor-hidden-mobile\" data-id=\"b7d79aa\" data-element_type=\"column\" data-e-type=\"column\">\n\t\t\t<div class=\"elementor-widget-wrap elementor-element-populated\">\n\t\t\t\t\t\t<div class=\"elementor-element elementor-element-b011a75 elementor-widget elementor-widget-menu-anchor\" data-id=\"b011a75\" data-element_type=\"widget\" data-e-type=\"widget\" data-widget_type=\"menu-anchor.default\">\n\t\t\t\t<div class=\"elementor-widget-container\">\n\t\t\t\t\t\t\t<div class=\"elementor-menu-anchor\" id=\"haeuser\"><\/div>\n\t\t\t\t\t\t<\/div>\n\t\t\t\t<\/div>\n\t\t\t\t\t<\/div>\n\t\t<\/div>\n\t\t\t\t\t<\/div>\n\t\t<\/section>\n\t\t\t\t<section class=\"elementor-section elementor-top-section elementor-element elementor-element-827595c elementor-section-full_width elementor-section-height-default elementor-section-height-default\" data-id=\"827595c\" data-element_type=\"section\" data-e-type=\"section\">\n\t\t\t\t\t\t<div class=\"elementor-container elementor-column-gap-no\">\n\t\t\t\t\t<div class=\"elementor-column elementor-col-33 elementor-top-column elementor-element elementor-element-b1f1cd5\" data-id=\"b1f1cd5\" data-element_type=\"column\" data-e-type=\"column\">\n\t\t\t<div class=\"elementor-widget-wrap elementor-element-populated\">\n\t\t\t\t\t\t<div class=\"elementor-element elementor-element-52a050c elementor-hidden-tablet elementor-hidden-mobile elementor-widget elementor-widget-heading\" data-id=\"52a050c\" data-element_type=\"widget\" data-e-type=\"widget\" data-widget_type=\"heading.default\">\n\t\t\t\t<div class=\"elementor-widget-container\">\n\t\t\t\t\t<h2 class=\"elementor-heading-title elementor-size-default\">Niets<br>gevonden?<\/h2>\t\t\t\t<\/div>\n\t\t\t\t<\/div>\n\t\t\t\t\t<\/div>\n\t\t<\/div>\n\t\t\t\t<div class=\"elementor-column elementor-col-33 elementor-top-column elementor-element elementor-element-579d32f\" data-id=\"579d32f\" data-element_type=\"column\" data-e-type=\"column\">\n\t\t\t<div class=\"elementor-widget-wrap elementor-element-populated\">\n\t\t\t\t\t\t<div class=\"elementor-element elementor-element-5d7bd57 elementor-widget elementor-widget-text-editor\" data-id=\"5d7bd57\" data-element_type=\"widget\" data-e-type=\"widget\" data-widget_type=\"text-editor.default\">\n\t\t\t\t<div class=\"elementor-widget-container\">\n\t\t\t\t\t\t\t\t\t<p>Dan kijken we uit naar uw telefoontje: 0157 850 512 78<\/p>\t\t\t\t\t\t\t\t<\/div>\n\t\t\t\t<\/div>\n\t\t\t\t\t<\/div>\n\t\t<\/div>\n\t\t\t\t<div class=\"elementor-column elementor-col-33 elementor-top-column elementor-element elementor-element-d0a661c elementor-hidden-tablet elementor-hidden-mobile\" data-id=\"d0a661c\" data-element_type=\"column\" data-e-type=\"column\">\n\t\t\t<div class=\"elementor-widget-wrap\">\n\t\t\t\t\t\t\t<\/div>\n\t\t<\/div>\n\t\t\t\t\t<\/div>\n\t\t<\/section>\n\t\t\t\t<\/div>","protected":false},"excerpt":{"rendered":"<p>Hier vind je onze huidige huizen: Vrijstaand huis in S\u00fcdlohn Prachtig onderhouden vrijstaand huis in S\u00fcdlohn uit 2007 met ruime kelder en... Lees verder Historisch vrijstaand huis in S\u00fcdlohn ZEER RUIM WOONHUIS MET BIJGEBOUWDE BERGING\/SCHELTER (90 m2) Centraal gelegen... Lees verder Niets gevonden? Dan kijken we uit naar je telefoontje: 0157 850 512 78<\/p>","protected":false},"author":1,"featured_media":0,"parent":0,"menu_order":0,"comment_status":"closed","ping_status":"closed","template":"elementor_header_footer","meta":{"footnotes":""},"class_list":["post-2284","page","type-page","status-publish","hentry"],"_links":{"self":[{"href":"https:\/\/hitpass.immo\/nl\/wp-json\/wp\/v2\/pages\/2284","targetHints":{"allow":["GET"]}}],"collection":[{"href":"https:\/\/hitpass.immo\/nl\/wp-json\/wp\/v2\/pages"}],"about":[{"href":"https:\/\/hitpass.immo\/nl\/wp-json\/wp\/v2\/types\/page"}],"author":[{"embeddable":true,"href":"https:\/\/hitpass.immo\/nl\/wp-json\/wp\/v2\/users\/1"}],"replies":[{"embeddable":true,"href":"https:\/\/hitpass.immo\/nl\/wp-json\/wp\/v2\/comments?post=2284"}],"version-history":[{"count":25,"href":"https:\/\/hitpass.immo\/nl\/wp-json\/wp\/v2\/pages\/2284\/revisions"}],"predecessor-version":[{"id":3518,"href":"https:\/\/hitpass.immo\/nl\/wp-json\/wp\/v2\/pages\/2284\/revisions\/3518"}],"wp:attachment":[{"href":"https:\/\/hitpass.immo\/nl\/wp-json\/wp\/v2\/media?parent=2284"}],"curies":[{"name":"wp","href":"https:\/\/api.w.org\/{rel}","templated":true}]}}