{"id":1955,"date":"2022-01-17T13:05:10","date_gmt":"2022-01-17T13:05:10","guid":{"rendered":"http:\/\/hitpass.immo\/?page_id=1955"},"modified":"2022-05-12T09:29:54","modified_gmt":"2022-05-12T09:29:54","slug":"ueber-uns","status":"publish","type":"page","link":"https:\/\/hitpass.immo\/nl\/ueber-uns\/","title":{"rendered":"Over ons"},"content":{"rendered":"\t\t<div data-elementor-type=\"wp-page\" data-elementor-id=\"1955\" class=\"elementor elementor-1955\" data-elementor-post-type=\"page\">\n\t\t\t\t\t\t<section class=\"elementor-section elementor-top-section elementor-element elementor-element-d36a8fd elementor-section-full_width elementor-section-height-default elementor-section-height-default\" data-id=\"d36a8fd\" data-element_type=\"section\" data-e-type=\"section\">\n\t\t\t\t\t\t<div class=\"elementor-container elementor-column-gap-no\">\n\t\t\t\t\t<div class=\"elementor-column elementor-col-33 elementor-top-column elementor-element elementor-element-f698b33 elementor-hidden-mobile\" data-id=\"f698b33\" data-element_type=\"column\" data-e-type=\"column\">\n\t\t\t<div class=\"elementor-widget-wrap\">\n\t\t\t\t\t\t\t<\/div>\n\t\t<\/div>\n\t\t\t\t<div class=\"elementor-column elementor-col-33 elementor-top-column elementor-element elementor-element-1df2070 elementor-hidden-mobile\" data-id=\"1df2070\" data-element_type=\"column\" data-e-type=\"column\" data-settings=\"{&quot;background_background&quot;:&quot;classic&quot;}\">\n\t\t\t<div class=\"elementor-widget-wrap elementor-element-populated\">\n\t\t\t\t\t\t<div class=\"elementor-element elementor-element-43a2bb7 ekit-sticky--top elementor-widget elementor-widget-image\" data-id=\"43a2bb7\" data-element_type=\"widget\" data-e-type=\"widget\" data-settings=\"{&quot;ekit_sticky&quot;:&quot;top&quot;,&quot;ekit_sticky_offset&quot;:{&quot;unit&quot;:&quot;px&quot;,&quot;size&quot;:94,&quot;sizes&quot;:[]},&quot;ekit_sticky_on_desktop&quot;:&quot;desktop&quot;,&quot;ekit_sticky_on_tablet&quot;:&quot;tablet&quot;,&quot;ekit_sticky_offset_tablet&quot;:{&quot;unit&quot;:&quot;px&quot;,&quot;size&quot;:&quot;&quot;,&quot;sizes&quot;:[]},&quot;ekit_sticky_offset_mobile&quot;:{&quot;unit&quot;:&quot;px&quot;,&quot;size&quot;:&quot;&quot;,&quot;sizes&quot;:[]},&quot;ekit_sticky_effect_offset&quot;:{&quot;unit&quot;:&quot;px&quot;,&quot;size&quot;:0,&quot;sizes&quot;:[]},&quot;ekit_sticky_effect_offset_tablet&quot;:{&quot;unit&quot;:&quot;px&quot;,&quot;size&quot;:&quot;&quot;,&quot;sizes&quot;:[]},&quot;ekit_sticky_effect_offset_mobile&quot;:{&quot;unit&quot;:&quot;px&quot;,&quot;size&quot;:&quot;&quot;,&quot;sizes&quot;:[]}}\" data-widget_type=\"image.default\">\n\t\t\t\t<div class=\"elementor-widget-container\">\n\t\t\t\t\t\t\t\t\t\t\t\t\t\t\t<img fetchpriority=\"high\" decoding=\"async\" width=\"2100\" height=\"1400\" src=\"https:\/\/hitpass.immo\/wp-content\/uploads\/2022\/01\/Hitpass-Detlef.jpg\" class=\"attachment-full size-full wp-image-18\" alt=\"\" srcset=\"https:\/\/hitpass.immo\/wp-content\/uploads\/2022\/01\/Hitpass-Detlef.jpg 2100w, https:\/\/hitpass.immo\/wp-content\/uploads\/2022\/01\/Hitpass-Detlef-300x200.jpg 300w, https:\/\/hitpass.immo\/wp-content\/uploads\/2022\/01\/Hitpass-Detlef-1024x683.jpg 1024w, https:\/\/hitpass.immo\/wp-content\/uploads\/2022\/01\/Hitpass-Detlef-768x512.jpg 768w, https:\/\/hitpass.immo\/wp-content\/uploads\/2022\/01\/Hitpass-Detlef-1536x1024.jpg 1536w, https:\/\/hitpass.immo\/wp-content\/uploads\/2022\/01\/Hitpass-Detlef-2048x1365.jpg 2048w\" sizes=\"(max-width: 2100px) 100vw, 2100px\" \/>\t\t\t\t\t\t\t\t\t\t\t\t\t\t\t<\/div>\n\t\t\t\t<\/div>\n\t\t\t\t\t<\/div>\n\t\t<\/div>\n\t\t\t\t<div class=\"elementor-column elementor-col-33 elementor-top-column elementor-element elementor-element-aa2fcf1\" data-id=\"aa2fcf1\" data-element_type=\"column\" data-e-type=\"column\">\n\t\t\t<div class=\"elementor-widget-wrap elementor-element-populated\">\n\t\t\t\t\t\t<div class=\"elementor-element elementor-element-d86464d elementor-widget elementor-widget-heading\" data-id=\"d86464d\" data-element_type=\"widget\" data-e-type=\"widget\" data-widget_type=\"heading.default\">\n\t\t\t\t<div class=\"elementor-widget-container\">\n\t\t\t\t\t<h2 class=\"elementor-heading-title elementor-size-default\">Ihre Idee \u2013<br>unser Handeln<\/h2>\t\t\t\t<\/div>\n\t\t\t\t<\/div>\n\t\t\t\t\t<\/div>\n\t\t<\/div>\n\t\t\t\t\t<\/div>\n\t\t<\/section>\n\t\t\t\t<section class=\"elementor-section elementor-top-section elementor-element elementor-element-d6a9618 elementor-section-full_width elementor-section-height-min-height elementor-section-height-default elementor-section-items-middle\" data-id=\"d6a9618\" data-element_type=\"section\" data-e-type=\"section\" data-settings=\"{&quot;background_background&quot;:&quot;slideshow&quot;,&quot;background_slideshow_gallery&quot;:[{&quot;id&quot;:1962,&quot;url&quot;:&quot;http:\\\/\\\/hitpass.immo\\\/wp-content\\\/uploads\\\/2022\\\/01\\\/bocholt_erleben_sehenswu\\u0308rdigkeiten_langenbergpark_20170531_foto_bruno_wansing_bild_bwg_4413.jpg&quot;},{&quot;id&quot;:1964,&quot;url&quot;:&quot;http:\\\/\\\/hitpass.immo\\\/wp-content\\\/uploads\\\/2022\\\/01\\\/fachhochschule_aussen.jpg&quot;},{&quot;id&quot;:1966,&quot;url&quot;:&quot;http:\\\/\\\/hitpass.immo\\\/wp-content\\\/uploads\\\/2022\\\/01\\\/iu5.jpg&quot;},{&quot;id&quot;:1963,&quot;url&quot;:&quot;http:\\\/\\\/hitpass.immo\\\/wp-content\\\/uploads\\\/2022\\\/01\\\/bogenbru\\u0308cke.jpg&quot;}],&quot;background_slideshow_transition_duration&quot;:10000,&quot;background_slideshow_ken_burns&quot;:&quot;yes&quot;,&quot;background_slideshow_loop&quot;:&quot;yes&quot;,&quot;background_slideshow_slide_duration&quot;:5000,&quot;background_slideshow_slide_transition&quot;:&quot;fade&quot;,&quot;background_slideshow_ken_burns_zoom_direction&quot;:&quot;in&quot;}\">\n\t\t\t\t\t\t<div class=\"elementor-container elementor-column-gap-no\">\n\t\t\t\t\t<div class=\"elementor-column elementor-col-100 elementor-top-column elementor-element elementor-element-b9052a1\" data-id=\"b9052a1\" data-element_type=\"column\" data-e-type=\"column\">\n\t\t\t<div class=\"elementor-widget-wrap\">\n\t\t\t\t\t\t\t<\/div>\n\t\t<\/div>\n\t\t\t\t\t<\/div>\n\t\t<\/section>\n\t\t\t\t<section class=\"elementor-section elementor-top-section elementor-element elementor-element-a1ffe65 elementor-section-full_width elementor-section-height-default elementor-section-height-default\" data-id=\"a1ffe65\" data-element_type=\"section\" data-e-type=\"section\">\n\t\t\t\t\t\t<div class=\"elementor-container elementor-column-gap-no\">\n\t\t\t\t\t<div class=\"elementor-column elementor-col-50 elementor-top-column elementor-element elementor-element-9f8dae7\" data-id=\"9f8dae7\" data-element_type=\"column\" data-e-type=\"column\" data-settings=\"{&quot;background_background&quot;:&quot;classic&quot;}\">\n\t\t\t<div class=\"elementor-widget-wrap\">\n\t\t\t\t\t\t\t<\/div>\n\t\t<\/div>\n\t\t\t\t<div class=\"elementor-column elementor-col-50 elementor-top-column elementor-element elementor-element-b0cd239\" data-id=\"b0cd239\" data-element_type=\"column\" data-e-type=\"column\" data-settings=\"{&quot;background_background&quot;:&quot;classic&quot;}\">\n\t\t\t<div class=\"elementor-widget-wrap elementor-element-populated\">\n\t\t\t\t\t\t<div class=\"elementor-element elementor-element-5babb7f elementor-widget elementor-widget-heading\" data-id=\"5babb7f\" data-element_type=\"widget\" data-e-type=\"widget\" data-widget_type=\"heading.default\">\n\t\t\t\t<div class=\"elementor-widget-container\">\n\t\t\t\t\t<h2 class=\"elementor-heading-title elementor-size-default\">Wir sind zufrieden, wenn Sie es sind.<\/h2>\t\t\t\t<\/div>\n\t\t\t\t<\/div>\n\t\t\t\t\t<\/div>\n\t\t<\/div>\n\t\t\t\t\t<\/div>\n\t\t<\/section>\n\t\t\t\t<section class=\"elementor-section elementor-top-section elementor-element elementor-element-d54717c elementor-section-full_width elementor-section-height-default elementor-section-height-default\" data-id=\"d54717c\" data-element_type=\"section\" data-e-type=\"section\">\n\t\t\t\t\t\t<div class=\"elementor-container elementor-column-gap-no\">\n\t\t\t\t\t<div class=\"elementor-column elementor-col-100 elementor-top-column elementor-element elementor-element-dd38665\" data-id=\"dd38665\" data-element_type=\"column\" data-e-type=\"column\">\n\t\t\t<div class=\"elementor-widget-wrap elementor-element-populated\">\n\t\t\t\t\t\t<div class=\"elementor-element elementor-element-df8bb93 eael-dual-header-content-align-center elementor-widget elementor-widget-eael-dual-color-header\" data-id=\"df8bb93\" data-element_type=\"widget\" data-e-type=\"widget\" data-widget_type=\"eael-dual-color-header.default\">\n\t\t\t\t<div class=\"elementor-widget-container\">\n\t\t\t\t\t\t\t\t<div class=\"eael-dual-header\">\n\t\t\t\t<h2 class=\"title eael-dch-title\"><span class=\"eael-dch-title-text eael-dch-title-lead lead solid-color\">Dienst<\/span> <span class=\"eael-dch-title-text\">Leistung<\/span><\/h2>\t\t\t\t\t<span class=\"subtext\"><p>Sehr gerne beide H\u00e4lften des Wortes!<\/p><\/span>\n\t\t\t\t\t\t\t\t\t<span class=\"eael-dch-svg-icon\"><i aria-hidden=\"true\" class=\"far fa-caret-square-down\"><\/i><\/span>\t\t\t\t\t\t\t<\/div>\n\n\t\t\t\t\t\t<\/div>\n\t\t\t\t<\/div>\n\t\t\t\t<section class=\"elementor-section elementor-inner-section elementor-element elementor-element-1862cf7 elementor-section-full_width elementor-section-height-default elementor-section-height-default\" data-id=\"1862cf7\" data-element_type=\"section\" data-e-type=\"section\">\n\t\t\t\t\t\t<div class=\"elementor-container elementor-column-gap-no\">\n\t\t\t\t\t<div class=\"elementor-column elementor-col-25 elementor-inner-column elementor-element elementor-element-cee28bd\" data-id=\"cee28bd\" data-element_type=\"column\" data-e-type=\"column\">\n\t\t\t<div class=\"elementor-widget-wrap\">\n\t\t\t\t\t\t\t<\/div>\n\t\t<\/div>\n\t\t\t\t<div class=\"elementor-column elementor-col-25 elementor-inner-column elementor-element elementor-element-7bbe503\" data-id=\"7bbe503\" data-element_type=\"column\" data-e-type=\"column\">\n\t\t\t<div class=\"elementor-widget-wrap elementor-element-populated\">\n\t\t\t\t\t\t<div class=\"elementor-element elementor-element-c309024 elementor-widget elementor-widget-text-editor\" data-id=\"c309024\" data-element_type=\"widget\" data-e-type=\"widget\" data-widget_type=\"text-editor.default\">\n\t\t\t\t<div class=\"elementor-widget-container\">\n\t\t\t\t\t\t\t\t\t<p>Immobilienmakler und Objektvermittler und Anlagenberater gibt es \u2013 gen\u00fcgend. Wir unterscheiden uns, indem wir das, was wir tun, mit Herz, Professionalit\u00e4t und Verl\u00e4sslichkeit tun. <br \/>Dies klingt vielleicht trivial, ist es aber nicht. Im Gegenteil, denn es geh\u00f6rt deutlich mehr dazu, das genau Richtige zu verkaufen, vermitteln, zu erstellen, als irgendetwas.<\/p><p>Hierbei orientieren wir uns am wichtigsten: Sie, unseren Kunden. Ganzheitlich und nachhaltig betrachten wir Ihre Situation, M\u00f6glichkeiten, Potenziale, und schneidern aus diesen Erkenntnissen und Ihren ganz pers\u00f6nlichen und individuellen Vorlieben, W\u00fcnschen, Visionen, das St\u00fcck Anlageobjekt, das Sie suchen und brauchen.<br \/>Sei es zur Miete oder um durch Miete ein ausgewogenes return on investment zu bekommen \u2013 das ist unser Bestreben und unsere Aufgabe.<\/p><p>Gerne erl\u00e4utern wir Ihnen dies in einem pers\u00f6nlichen Gespr\u00e4ch vor Ort ausf\u00fchrlich und dediziert. Wir freuen uns auf Ihren Anruf.<\/p>\t\t\t\t\t\t\t\t<\/div>\n\t\t\t\t<\/div>\n\t\t\t\t\t<\/div>\n\t\t<\/div>\n\t\t\t\t<div class=\"elementor-column elementor-col-25 elementor-inner-column elementor-element elementor-element-a1f0ec3\" data-id=\"a1f0ec3\" data-element_type=\"column\" data-e-type=\"column\">\n\t\t\t<div class=\"elementor-widget-wrap elementor-element-populated\">\n\t\t\t\t\t\t<div class=\"elementor-element elementor-element-82d3031 elementor-widget elementor-widget-text-editor\" data-id=\"82d3031\" data-element_type=\"widget\" data-e-type=\"widget\" data-widget_type=\"text-editor.default\">\n\t\t\t\t<div class=\"elementor-widget-container\">\n\t\t\t\t\t\t\t\t\t<p><strong>Detlef Hitpa\u00df<br \/>ObjektProjekt<\/strong><\/p><p><strong>Mobil: 0157 \u2013 850 512 78<br \/><\/strong><span style=\"text-decoration: underline;\"><a href=\"mailto:info@hitpass.immo\" target=\"_blank\" rel=\"noopener\">info@hitpass.immo<\/a><\/span><\/p>\t\t\t\t\t\t\t\t<\/div>\n\t\t\t\t<\/div>\n\t\t\t\t\t<\/div>\n\t\t<\/div>\n\t\t\t\t<div class=\"elementor-column elementor-col-25 elementor-inner-column elementor-element elementor-element-ba71f80 elementor-hidden-tablet elementor-hidden-mobile\" data-id=\"ba71f80\" data-element_type=\"column\" data-e-type=\"column\">\n\t\t\t<div class=\"elementor-widget-wrap\">\n\t\t\t\t\t\t\t<\/div>\n\t\t<\/div>\n\t\t\t\t\t<\/div>\n\t\t<\/section>\n\t\t\t\t\t<\/div>\n\t\t<\/div>\n\t\t\t\t\t<\/div>\n\t\t<\/section>\n\t\t\t\t<section class=\"elementor-section elementor-top-section elementor-element elementor-element-63689f1 elementor-section-full_width elementor-section-height-default elementor-section-height-default\" data-id=\"63689f1\" data-element_type=\"section\" data-e-type=\"section\">\n\t\t\t\t\t\t<div class=\"elementor-container elementor-column-gap-no\">\n\t\t\t\t\t<div class=\"elementor-column elementor-col-50 elementor-top-column elementor-element elementor-element-f743425\" data-id=\"f743425\" data-element_type=\"column\" data-e-type=\"column\" data-settings=\"{&quot;background_background&quot;:&quot;classic&quot;}\">\n\t\t\t<div class=\"elementor-widget-wrap\">\n\t\t\t\t\t\t\t<\/div>\n\t\t<\/div>\n\t\t\t\t<div class=\"elementor-column elementor-col-50 elementor-top-column elementor-element elementor-element-f92172b\" data-id=\"f92172b\" data-element_type=\"column\" data-e-type=\"column\" data-settings=\"{&quot;background_background&quot;:&quot;classic&quot;}\">\n\t\t\t<div class=\"elementor-widget-wrap elementor-element-populated\">\n\t\t\t\t\t\t<div class=\"elementor-element elementor-element-d260f8f elementor-widget elementor-widget-heading\" data-id=\"d260f8f\" data-element_type=\"widget\" data-e-type=\"widget\" data-widget_type=\"heading.default\">\n\t\t\t\t<div class=\"elementor-widget-container\">\n\t\t\t\t\t<h2 class=\"elementor-heading-title elementor-size-default\">Alles,<br>was uns wichtig ist:<\/h2>\t\t\t\t<\/div>\n\t\t\t\t<\/div>\n\t\t\t\t<div class=\"elementor-element elementor-element-d3f5670 elementor-widget elementor-widget-text-editor\" data-id=\"d3f5670\" data-element_type=\"widget\" data-e-type=\"widget\" data-widget_type=\"text-editor.default\">\n\t\t\t\t<div class=\"elementor-widget-container\">\n\t\t\t\t\t\t\t\t\t<p>Immobilien sind meine Leidenschaft. Schon von ersten Business-Erfahrungen an war mir der pers\u00f6nliche, bewu\u00dfte Umgang mit dem h\u00f6chsten Gut eines Menschen und seiner Familie, die eigenen vier W\u00e4nde n\u00e4mlich, ein echtes Herzensanliegen. Dabei liegen Ihre Vorstellungen und W\u00fcnsche in meinem besonderen Fokus.<\/p><p>In einem pers\u00f6nlichen Gespr\u00e4ch loten wir genau diese Bed\u00fcrfnisse aus und schneidern die perfekte Immobilie optimal auf Sie zu. Dies reicht von der reinen Porjektentwicklung bis hin zur Objektvermittlung.<\/p><p>Sprechen Sie uns an, wir freuen uns auf Ihre Anfrage<\/p><p>Ihr Detlef Hitpa\u00df<\/p>\t\t\t\t\t\t\t\t<\/div>\n\t\t\t\t<\/div>\n\t\t\t\t\t<\/div>\n\t\t<\/div>\n\t\t\t\t\t<\/div>\n\t\t<\/section>\n\t\t\t\t<\/div>\n\t\t","protected":false},"excerpt":{"rendered":"<p>Ihre Idee \u2013unser Handeln Wir sind zufrieden, wenn Sie es sind. Dienst Leistung Sehr gerne beide H\u00e4lften des Wortes! Immobilienmakler und Objektvermittler und Anlagenberater gibt es \u2013 gen\u00fcgend. Wir unterscheiden uns, indem wir das, was wir tun, mit Herz, Professionalit\u00e4t und Verl\u00e4sslichkeit tun. Dies klingt vielleicht trivial, ist es aber nicht. Im Gegenteil, denn es [&hellip;]<\/p>\n","protected":false},"author":1,"featured_media":0,"parent":0,"menu_order":0,"comment_status":"closed","ping_status":"closed","template":"elementor_header_footer","meta":{"footnotes":""},"class_list":["post-1955","page","type-page","status-publish","hentry"],"_links":{"self":[{"href":"https:\/\/hitpass.immo\/nl\/wp-json\/wp\/v2\/pages\/1955","targetHints":{"allow":["GET"]}}],"collection":[{"href":"https:\/\/hitpass.immo\/nl\/wp-json\/wp\/v2\/pages"}],"about":[{"href":"https:\/\/hitpass.immo\/nl\/wp-json\/wp\/v2\/types\/page"}],"author":[{"embeddable":true,"href":"https:\/\/hitpass.immo\/nl\/wp-json\/wp\/v2\/users\/1"}],"replies":[{"embeddable":true,"href":"https:\/\/hitpass.immo\/nl\/wp-json\/wp\/v2\/comments?post=1955"}],"version-history":[{"count":23,"href":"https:\/\/hitpass.immo\/nl\/wp-json\/wp\/v2\/pages\/1955\/revisions"}],"predecessor-version":[{"id":3072,"href":"https:\/\/hitpass.immo\/nl\/wp-json\/wp\/v2\/pages\/1955\/revisions\/3072"}],"wp:attachment":[{"href":"https:\/\/hitpass.immo\/nl\/wp-json\/wp\/v2\/media?parent=1955"}],"curies":[{"name":"wp","href":"https:\/\/api.w.org\/{rel}","templated":true}]}}