{"id":1577,"date":"2022-01-14T18:35:28","date_gmt":"2022-01-14T18:35:28","guid":{"rendered":"http:\/\/hitpass.immo\/?page_id=1577"},"modified":"2025-11-21T12:00:30","modified_gmt":"2025-11-21T12:00:30","slug":"partner","status":"publish","type":"page","link":"https:\/\/hitpass.immo\/nl\/partner\/","title":{"rendered":"Partner"},"content":{"rendered":"<div data-elementor-type=\"wp-page\" data-elementor-id=\"1577\" class=\"elementor elementor-1577\" data-elementor-post-type=\"page\">\n\t\t\t\t\t\t<section class=\"elementor-section elementor-top-section elementor-element elementor-element-e613d25 elementor-section-full_width elementor-section-height-min-height elementor-section-height-default elementor-section-items-middle\" data-id=\"e613d25\" data-element_type=\"section\" data-e-type=\"section\" data-settings=\"{&quot;background_background&quot;:&quot;classic&quot;}\">\n\t\t\t\t\t\t<div class=\"elementor-container elementor-column-gap-default\">\n\t\t\t\t\t<div class=\"elementor-column elementor-col-100 elementor-top-column elementor-element elementor-element-f9ccf7e\" data-id=\"f9ccf7e\" data-element_type=\"column\" data-e-type=\"column\">\n\t\t\t<div class=\"elementor-widget-wrap\">\n\t\t\t\t\t\t\t<\/div>\n\t\t<\/div>\n\t\t\t\t\t<\/div>\n\t\t<\/section>\n\t\t\t\t<section class=\"elementor-section elementor-top-section elementor-element elementor-element-7a3eafa elementor-section-full_width elementor-section-height-default elementor-section-height-default\" data-id=\"7a3eafa\" data-element_type=\"section\" data-e-type=\"section\">\n\t\t\t\t\t\t<div class=\"elementor-container elementor-column-gap-no\">\n\t\t\t\t\t<div class=\"elementor-column elementor-col-100 elementor-top-column elementor-element elementor-element-caefd02\" data-id=\"caefd02\" data-element_type=\"column\" data-e-type=\"column\">\n\t\t\t<div class=\"elementor-widget-wrap elementor-element-populated\">\n\t\t\t\t\t\t<div class=\"elementor-element elementor-element-d3e24f4 eael-dual-header-content-align-center elementor-widget elementor-widget-eael-dual-color-header\" data-id=\"d3e24f4\" data-element_type=\"widget\" data-e-type=\"widget\" data-widget_type=\"eael-dual-color-header.default\">\n\t\t\t\t<div class=\"elementor-widget-container\">\n\t\t\t\t\t\t\t\t<div class=\"eael-dual-header\">\n\t\t\t\t<h2 class=\"title eael-dch-title\"><span class=\"eael-dch-title-text eael-dch-title-lead lead solid-color\">Partner<\/span> <span class=\"eael-dch-title-text\">Schacht<\/span><\/h2>\t\t\t\t\t<span class=\"subtext\"><p>Samen een stap verder<\/p><\/span>\n\t\t\t\t\t\t\t\t\t<span class=\"eael-dch-svg-icon\"><i aria-hidden=\"true\" class=\"far fa-caret-square-down\"><\/i><\/span>\t\t\t\t\t\t\t<\/div>\n\n\t\t\t\t\t\t<\/div>\n\t\t\t\t<\/div>\n\t\t\t\t\t<\/div>\n\t\t<\/div>\n\t\t\t\t\t<\/div>\n\t\t<\/section>\n\t\t\t\t<section class=\"elementor-section elementor-top-section elementor-element elementor-element-bb469cf elementor-section-full_width elementor-section-height-default elementor-section-height-default\" data-id=\"bb469cf\" data-element_type=\"section\" data-e-type=\"section\">\n\t\t\t\t\t\t<div class=\"elementor-container elementor-column-gap-no\">\n\t\t\t\t\t<div class=\"elementor-column elementor-col-33 elementor-top-column elementor-element elementor-element-c364828\" data-id=\"c364828\" data-element_type=\"column\" data-e-type=\"column\">\n\t\t\t<div class=\"elementor-widget-wrap\">\n\t\t\t\t\t\t\t<\/div>\n\t\t<\/div>\n\t\t\t\t<div class=\"elementor-column elementor-col-33 elementor-top-column elementor-element elementor-element-73833eb\" data-id=\"73833eb\" data-element_type=\"column\" data-e-type=\"column\">\n\t\t\t<div class=\"elementor-widget-wrap elementor-element-populated\">\n\t\t\t\t\t\t<div class=\"elementor-element elementor-element-d8a199f elementor-widget elementor-widget-text-editor\" data-id=\"d8a199f\" data-element_type=\"widget\" data-e-type=\"widget\" data-widget_type=\"text-editor.default\">\n\t\t\t\t<div class=\"elementor-widget-container\">\n\t\t\t\t\t\t\t\t\t<p>Netwerk en contacten, al meer dan drie decennia is vertrouwen de basis van mijn handelen. Individueel of in een netwerk - met de juiste partner aan uw zijde, kunt u beslissende vooruitgang boeken. En vertrouwen en betrouwbaarheid zijn de sleutel tot ons succes. Wij ontwikkelen graag uw persoonlijk en individueel investeringsconcept met partners op ooghoogte. We kijken er naar uit.<\/p>\t\t\t\t\t\t\t\t<\/div>\n\t\t\t\t<\/div>\n\t\t\t\t\t<\/div>\n\t\t<\/div>\n\t\t\t\t<div class=\"elementor-column elementor-col-33 elementor-top-column elementor-element elementor-element-3f1b41a\" data-id=\"3f1b41a\" data-element_type=\"column\" data-e-type=\"column\">\n\t\t\t<div class=\"elementor-widget-wrap\">\n\t\t\t\t\t\t\t<\/div>\n\t\t<\/div>\n\t\t\t\t\t<\/div>\n\t\t<\/section>\n\t\t\t\t<section class=\"elementor-section elementor-top-section elementor-element elementor-element-c00fb98 elementor-section-full_width elementor-section-height-default elementor-section-height-default\" data-id=\"c00fb98\" data-element_type=\"section\" data-e-type=\"section\">\n\t\t\t\t\t\t<div class=\"elementor-container elementor-column-gap-narrow\">\n\t\t\t\t\t<div class=\"elementor-column elementor-col-20 elementor-top-column elementor-element elementor-element-e43b0c8\" data-id=\"e43b0c8\" data-element_type=\"column\" data-e-type=\"column\">\n\t\t\t<div class=\"elementor-widget-wrap\">\n\t\t\t\t\t\t\t<\/div>\n\t\t<\/div>\n\t\t\t\t<div class=\"elementor-column elementor-col-20 elementor-top-column elementor-element elementor-element-6758473\" data-id=\"6758473\" data-element_type=\"column\" data-e-type=\"column\">\n\t\t\t<div class=\"elementor-widget-wrap elementor-element-populated\">\n\t\t\t\t\t\t<div class=\"elementor-element elementor-element-0d04fc2 elementor-widget elementor-widget-text-editor\" data-id=\"0d04fc2\" data-element_type=\"widget\" data-e-type=\"widget\" data-widget_type=\"text-editor.default\">\n\t\t\t\t<div class=\"elementor-widget-container\">\n\t\t\t\t\t\t\t\t\t<p>Robert Coppenrath Architect<br \/>Lowicker Strasse 12<br \/>46395 Bocholt<br \/>Tel: 02871-294990<\/p><p><a href=\"http:\/\/coppenrath-architekt.de\/\" target=\"_blank\" rel=\"noopener\">http:\/\/coppenrath-architekt.de\/<\/a><\/p>\t\t\t\t\t\t\t\t<\/div>\n\t\t\t\t<\/div>\n\t\t\t\t<div class=\"elementor-element elementor-element-aaab8ad elementor-widget elementor-widget-image\" data-id=\"aaab8ad\" data-element_type=\"widget\" data-e-type=\"widget\" data-widget_type=\"image.default\">\n\t\t\t\t<div class=\"elementor-widget-container\">\n\t\t\t\t\t\t\t\t\t\t\t\t\t\t\t<img fetchpriority=\"high\" decoding=\"async\" width=\"800\" height=\"607\" src=\"https:\/\/hitpass.immo\/wp-content\/uploads\/2022\/01\/coppenrath-architekt-1024x777.jpg\" class=\"attachment-large size-large wp-image-1586\" alt=\"\" srcset=\"https:\/\/hitpass.immo\/wp-content\/uploads\/2022\/01\/coppenrath-architekt-1024x777.jpg 1024w, https:\/\/hitpass.immo\/wp-content\/uploads\/2022\/01\/coppenrath-architekt-300x228.jpg 300w, https:\/\/hitpass.immo\/wp-content\/uploads\/2022\/01\/coppenrath-architekt-768x583.jpg 768w, https:\/\/hitpass.immo\/wp-content\/uploads\/2022\/01\/coppenrath-architekt-1536x1165.jpg 1536w, https:\/\/hitpass.immo\/wp-content\/uploads\/2022\/01\/coppenrath-architekt-16x12.jpg 16w, https:\/\/hitpass.immo\/wp-content\/uploads\/2022\/01\/coppenrath-architekt.jpg 1600w\" sizes=\"(max-width: 800px) 100vw, 800px\" \/>\t\t\t\t\t\t\t\t\t\t\t\t\t\t\t<\/div>\n\t\t\t\t<\/div>\n\t\t\t\t<div class=\"elementor-element elementor-element-df39686 elementor-widget elementor-widget-image\" data-id=\"df39686\" data-element_type=\"widget\" data-e-type=\"widget\" data-widget_type=\"image.default\">\n\t\t\t\t<div class=\"elementor-widget-container\">\n\t\t\t\t\t\t\t\t\t\t\t\t\t\t\t<img decoding=\"async\" width=\"800\" height=\"607\" src=\"https:\/\/hitpass.immo\/wp-content\/uploads\/2022\/01\/coppenrath-architekt_2-1024x777.jpg\" class=\"attachment-large size-large wp-image-1585\" alt=\"\" srcset=\"https:\/\/hitpass.immo\/wp-content\/uploads\/2022\/01\/coppenrath-architekt_2-1024x777.jpg 1024w, https:\/\/hitpass.immo\/wp-content\/uploads\/2022\/01\/coppenrath-architekt_2-300x228.jpg 300w, https:\/\/hitpass.immo\/wp-content\/uploads\/2022\/01\/coppenrath-architekt_2-768x583.jpg 768w, https:\/\/hitpass.immo\/wp-content\/uploads\/2022\/01\/coppenrath-architekt_2-1536x1165.jpg 1536w, https:\/\/hitpass.immo\/wp-content\/uploads\/2022\/01\/coppenrath-architekt_2-16x12.jpg 16w, https:\/\/hitpass.immo\/wp-content\/uploads\/2022\/01\/coppenrath-architekt_2.jpg 1600w\" sizes=\"(max-width: 800px) 100vw, 800px\" \/>\t\t\t\t\t\t\t\t\t\t\t\t\t\t\t<\/div>\n\t\t\t\t<\/div>\n\t\t\t\t\t<\/div>\n\t\t<\/div>\n\t\t\t\t<div class=\"elementor-column elementor-col-20 elementor-top-column elementor-element elementor-element-a5cc6ca\" data-id=\"a5cc6ca\" data-element_type=\"column\" data-e-type=\"column\">\n\t\t\t<div class=\"elementor-widget-wrap elementor-element-populated\">\n\t\t\t\t\t\t<div class=\"elementor-element elementor-element-484cf3a elementor-widget elementor-widget-text-editor\" data-id=\"484cf3a\" data-element_type=\"widget\" data-e-type=\"widget\" data-widget_type=\"text-editor.default\">\n\t\t\t\t<div class=\"elementor-widget-container\">\n\t\t\t\t\t\t\t\t\t<p>A\u00b2-KRABBE\u2028 Construction GmbH<br \/>Heidener Stra\u00dfe 15<br \/>46325 Borken<br \/>Tel: 02861-6898713<\/p><p><a href=\"https:\/\/www.a2-krabbe.de\/\">https:\/\/www.a2-krabbe.de\/<\/a><\/p>\t\t\t\t\t\t\t\t<\/div>\n\t\t\t\t<\/div>\n\t\t\t\t<div class=\"elementor-element elementor-element-8d99552 elementor-widget elementor-widget-image\" data-id=\"8d99552\" data-element_type=\"widget\" data-e-type=\"widget\" data-widget_type=\"image.default\">\n\t\t\t\t<div class=\"elementor-widget-container\">\n\t\t\t\t\t\t\t\t\t\t\t\t\t\t\t<img decoding=\"async\" width=\"800\" height=\"517\" src=\"https:\/\/hitpass.immo\/wp-content\/uploads\/2025\/11\/A2-Krabbe-Website-1024x662.jpg\" class=\"attachment-large size-large wp-image-4134\" alt=\"\" srcset=\"https:\/\/hitpass.immo\/wp-content\/uploads\/2025\/11\/A2-Krabbe-Website-1024x662.jpg 1024w, https:\/\/hitpass.immo\/wp-content\/uploads\/2025\/11\/A2-Krabbe-Website-300x194.jpg 300w, https:\/\/hitpass.immo\/wp-content\/uploads\/2025\/11\/A2-Krabbe-Website-768x496.jpg 768w, https:\/\/hitpass.immo\/wp-content\/uploads\/2025\/11\/A2-Krabbe-Website-1536x993.jpg 1536w, https:\/\/hitpass.immo\/wp-content\/uploads\/2025\/11\/A2-Krabbe-Website-18x12.jpg 18w, https:\/\/hitpass.immo\/wp-content\/uploads\/2025\/11\/A2-Krabbe-Website.jpg 1920w\" sizes=\"(max-width: 800px) 100vw, 800px\" \/>\t\t\t\t\t\t\t\t\t\t\t\t\t\t\t<\/div>\n\t\t\t\t<\/div>\n\t\t\t\t<div class=\"elementor-element elementor-element-dd2462c elementor-widget elementor-widget-image\" data-id=\"dd2462c\" data-element_type=\"widget\" data-e-type=\"widget\" data-widget_type=\"image.default\">\n\t\t\t\t<div class=\"elementor-widget-container\">\n\t\t\t\t\t\t\t\t\t\t\t\t\t\t\t<img loading=\"lazy\" decoding=\"async\" width=\"800\" height=\"607\" src=\"https:\/\/hitpass.immo\/wp-content\/uploads\/2022\/01\/weidemann-schillings_2-1024x777.jpg\" class=\"attachment-large size-large wp-image-1591\" alt=\"\" srcset=\"https:\/\/hitpass.immo\/wp-content\/uploads\/2022\/01\/weidemann-schillings_2-1024x777.jpg 1024w, https:\/\/hitpass.immo\/wp-content\/uploads\/2022\/01\/weidemann-schillings_2-300x228.jpg 300w, https:\/\/hitpass.immo\/wp-content\/uploads\/2022\/01\/weidemann-schillings_2-768x583.jpg 768w, https:\/\/hitpass.immo\/wp-content\/uploads\/2022\/01\/weidemann-schillings_2-1536x1165.jpg 1536w, https:\/\/hitpass.immo\/wp-content\/uploads\/2022\/01\/weidemann-schillings_2-16x12.jpg 16w, https:\/\/hitpass.immo\/wp-content\/uploads\/2022\/01\/weidemann-schillings_2.jpg 1600w\" sizes=\"(max-width: 800px) 100vw, 800px\" \/>\t\t\t\t\t\t\t\t\t\t\t\t\t\t\t<\/div>\n\t\t\t\t<\/div>\n\t\t\t\t\t<\/div>\n\t\t<\/div>\n\t\t\t\t<div class=\"elementor-column elementor-col-20 elementor-top-column elementor-element elementor-element-db307d2\" data-id=\"db307d2\" data-element_type=\"column\" data-e-type=\"column\">\n\t\t\t<div class=\"elementor-widget-wrap elementor-element-populated\">\n\t\t\t\t\t\t<div class=\"elementor-element elementor-element-29ef721 elementor-widget elementor-widget-text-editor\" data-id=\"29ef721\" data-element_type=\"widget\" data-e-type=\"widget\" data-widget_type=\"text-editor.default\">\n\t\t\t\t<div class=\"elementor-widget-container\">\n\t\t\t\t\t\t\t\t\t<p>Thoma Van Dijk Siebelink Makelaars Doetinchem<br \/>Keppelseweg 15<br \/>NL-7001 CE Doetinchem<\/p><p><a href=\"https:\/\/tvdsmakelaars.nl\/\" target=\"_blank\" rel=\"noopener\">https:\/\/tvdsmakelaars.nl\/<\/a><\/p>\t\t\t\t\t\t\t\t<\/div>\n\t\t\t\t<\/div>\n\t\t\t\t<div class=\"elementor-element elementor-element-f3461fc elementor-widget elementor-widget-image\" data-id=\"f3461fc\" data-element_type=\"widget\" data-e-type=\"widget\" data-widget_type=\"image.default\">\n\t\t\t\t<div class=\"elementor-widget-container\">\n\t\t\t\t\t\t\t\t\t\t\t\t\t\t\t<img loading=\"lazy\" decoding=\"async\" width=\"800\" height=\"607\" src=\"https:\/\/hitpass.immo\/wp-content\/uploads\/2022\/01\/tvdsmakelaars_1-1024x777.jpg\" class=\"attachment-large size-large wp-image-1588\" alt=\"\" srcset=\"https:\/\/hitpass.immo\/wp-content\/uploads\/2022\/01\/tvdsmakelaars_1-1024x777.jpg 1024w, https:\/\/hitpass.immo\/wp-content\/uploads\/2022\/01\/tvdsmakelaars_1-300x228.jpg 300w, https:\/\/hitpass.immo\/wp-content\/uploads\/2022\/01\/tvdsmakelaars_1-768x583.jpg 768w, https:\/\/hitpass.immo\/wp-content\/uploads\/2022\/01\/tvdsmakelaars_1-1536x1165.jpg 1536w, https:\/\/hitpass.immo\/wp-content\/uploads\/2022\/01\/tvdsmakelaars_1-16x12.jpg 16w, https:\/\/hitpass.immo\/wp-content\/uploads\/2022\/01\/tvdsmakelaars_1.jpg 1600w\" sizes=\"(max-width: 800px) 100vw, 800px\" \/>\t\t\t\t\t\t\t\t\t\t\t\t\t\t\t<\/div>\n\t\t\t\t<\/div>\n\t\t\t\t<div class=\"elementor-element elementor-element-b188ea5 elementor-widget elementor-widget-image\" data-id=\"b188ea5\" data-element_type=\"widget\" data-e-type=\"widget\" data-widget_type=\"image.default\">\n\t\t\t\t<div class=\"elementor-widget-container\">\n\t\t\t\t\t\t\t\t\t\t\t\t\t\t\t<img loading=\"lazy\" decoding=\"async\" width=\"800\" height=\"607\" src=\"https:\/\/hitpass.immo\/wp-content\/uploads\/2022\/01\/tvdsmakelaars_2-1024x777.jpg\" class=\"attachment-large size-large wp-image-1589\" alt=\"\" srcset=\"https:\/\/hitpass.immo\/wp-content\/uploads\/2022\/01\/tvdsmakelaars_2-1024x777.jpg 1024w, https:\/\/hitpass.immo\/wp-content\/uploads\/2022\/01\/tvdsmakelaars_2-300x228.jpg 300w, https:\/\/hitpass.immo\/wp-content\/uploads\/2022\/01\/tvdsmakelaars_2-768x583.jpg 768w, https:\/\/hitpass.immo\/wp-content\/uploads\/2022\/01\/tvdsmakelaars_2-1536x1165.jpg 1536w, https:\/\/hitpass.immo\/wp-content\/uploads\/2022\/01\/tvdsmakelaars_2-16x12.jpg 16w, https:\/\/hitpass.immo\/wp-content\/uploads\/2022\/01\/tvdsmakelaars_2.jpg 1600w\" sizes=\"(max-width: 800px) 100vw, 800px\" \/>\t\t\t\t\t\t\t\t\t\t\t\t\t\t\t<\/div>\n\t\t\t\t<\/div>\n\t\t\t\t\t<\/div>\n\t\t<\/div>\n\t\t\t\t<div class=\"elementor-column elementor-col-20 elementor-top-column elementor-element elementor-element-0285fcb\" data-id=\"0285fcb\" data-element_type=\"column\" data-e-type=\"column\">\n\t\t\t<div class=\"elementor-widget-wrap\">\n\t\t\t\t\t\t\t<\/div>\n\t\t<\/div>\n\t\t\t\t\t<\/div>\n\t\t<\/section>\n\t\t\t\t<section class=\"elementor-section elementor-top-section elementor-element elementor-element-958ac03 elementor-section-full_width elementor-section-height-default elementor-section-height-default\" data-id=\"958ac03\" data-element_type=\"section\" data-e-type=\"section\">\n\t\t\t\t\t\t<div class=\"elementor-container elementor-column-gap-narrow\">\n\t\t\t\t\t<div class=\"elementor-column elementor-col-20 elementor-top-column elementor-element elementor-element-b357a7c\" data-id=\"b357a7c\" data-element_type=\"column\" data-e-type=\"column\">\n\t\t\t<div class=\"elementor-widget-wrap\">\n\t\t\t\t\t\t\t<\/div>\n\t\t<\/div>\n\t\t\t\t<div class=\"elementor-column elementor-col-20 elementor-top-column elementor-element elementor-element-bb3cafc\" data-id=\"bb3cafc\" data-element_type=\"column\" data-e-type=\"column\">\n\t\t\t<div class=\"elementor-widget-wrap elementor-element-populated\">\n\t\t\t\t\t\t<div class=\"elementor-element elementor-element-55a20a5 elementor-widget elementor-widget-text-editor\" data-id=\"55a20a5\" data-element_type=\"widget\" data-e-type=\"widget\" data-widget_type=\"text-editor.default\">\n\t\t\t\t<div class=\"elementor-widget-container\">\n\t\t\t\t\t\t\t\t\t<p>Bolwerk Taxaties<br \/>Kalverstraat 13<br \/>7101EG Winterswijk<br \/>Tel: 0031 &#8211; 543 &#8211; 53 33 65<\/p><p><a href=\"https:\/\/www.bolwerktaxaties.nl\/\" target=\"_blank\" rel=\"noopener\">https:\/\/www.bolwerktaxaties.nl\/<\/a><\/p>\t\t\t\t\t\t\t\t<\/div>\n\t\t\t\t<\/div>\n\t\t\t\t<div class=\"elementor-element elementor-element-31ad5ef elementor-widget elementor-widget-image\" data-id=\"31ad5ef\" data-element_type=\"widget\" data-e-type=\"widget\" data-widget_type=\"image.default\">\n\t\t\t\t<div class=\"elementor-widget-container\">\n\t\t\t\t\t\t\t\t\t\t\t\t\t\t\t<img loading=\"lazy\" decoding=\"async\" width=\"800\" height=\"607\" src=\"https:\/\/hitpass.immo\/wp-content\/uploads\/2022\/01\/bolwerktaxaties_1-1024x777.jpg\" class=\"attachment-large size-large wp-image-1583\" alt=\"\" srcset=\"https:\/\/hitpass.immo\/wp-content\/uploads\/2022\/01\/bolwerktaxaties_1-1024x777.jpg 1024w, https:\/\/hitpass.immo\/wp-content\/uploads\/2022\/01\/bolwerktaxaties_1-300x228.jpg 300w, https:\/\/hitpass.immo\/wp-content\/uploads\/2022\/01\/bolwerktaxaties_1-768x583.jpg 768w, https:\/\/hitpass.immo\/wp-content\/uploads\/2022\/01\/bolwerktaxaties_1-1536x1165.jpg 1536w, https:\/\/hitpass.immo\/wp-content\/uploads\/2022\/01\/bolwerktaxaties_1-16x12.jpg 16w, https:\/\/hitpass.immo\/wp-content\/uploads\/2022\/01\/bolwerktaxaties_1.jpg 1600w\" sizes=\"(max-width: 800px) 100vw, 800px\" \/>\t\t\t\t\t\t\t\t\t\t\t\t\t\t\t<\/div>\n\t\t\t\t<\/div>\n\t\t\t\t<div class=\"elementor-element elementor-element-f38652e elementor-widget elementor-widget-image\" data-id=\"f38652e\" data-element_type=\"widget\" data-e-type=\"widget\" data-widget_type=\"image.default\">\n\t\t\t\t<div class=\"elementor-widget-container\">\n\t\t\t\t\t\t\t\t\t\t\t\t\t\t\t<img loading=\"lazy\" decoding=\"async\" width=\"800\" height=\"607\" src=\"https:\/\/hitpass.immo\/wp-content\/uploads\/2022\/01\/bolwerktaxaties_2-1024x777.jpg\" class=\"attachment-large size-large wp-image-1584\" alt=\"\" srcset=\"https:\/\/hitpass.immo\/wp-content\/uploads\/2022\/01\/bolwerktaxaties_2-1024x777.jpg 1024w, https:\/\/hitpass.immo\/wp-content\/uploads\/2022\/01\/bolwerktaxaties_2-300x228.jpg 300w, https:\/\/hitpass.immo\/wp-content\/uploads\/2022\/01\/bolwerktaxaties_2-768x583.jpg 768w, https:\/\/hitpass.immo\/wp-content\/uploads\/2022\/01\/bolwerktaxaties_2-1536x1165.jpg 1536w, https:\/\/hitpass.immo\/wp-content\/uploads\/2022\/01\/bolwerktaxaties_2-16x12.jpg 16w, https:\/\/hitpass.immo\/wp-content\/uploads\/2022\/01\/bolwerktaxaties_2.jpg 1600w\" sizes=\"(max-width: 800px) 100vw, 800px\" \/>\t\t\t\t\t\t\t\t\t\t\t\t\t\t\t<\/div>\n\t\t\t\t<\/div>\n\t\t\t\t\t<\/div>\n\t\t<\/div>\n\t\t\t\t<div class=\"elementor-column elementor-col-20 elementor-top-column elementor-element elementor-element-80e8599\" data-id=\"80e8599\" data-element_type=\"column\" data-e-type=\"column\">\n\t\t\t<div class=\"elementor-widget-wrap\">\n\t\t\t\t\t\t\t<\/div>\n\t\t<\/div>\n\t\t\t\t<div class=\"elementor-column elementor-col-20 elementor-top-column elementor-element elementor-element-5a3bcad\" data-id=\"5a3bcad\" data-element_type=\"column\" data-e-type=\"column\">\n\t\t\t<div class=\"elementor-widget-wrap\">\n\t\t\t\t\t\t\t<\/div>\n\t\t<\/div>\n\t\t\t\t<div class=\"elementor-column elementor-col-20 elementor-top-column elementor-element elementor-element-a899f94\" data-id=\"a899f94\" data-element_type=\"column\" data-e-type=\"column\">\n\t\t\t<div class=\"elementor-widget-wrap\">\n\t\t\t\t\t\t\t<\/div>\n\t\t<\/div>\n\t\t\t\t\t<\/div>\n\t\t<\/section>\n\t\t\t\t<\/div>","protected":false},"excerpt":{"rendered":"<p>Parnter Schaft Gemeinsam einen Schritt weiter Netzwerk und Kontakte, seit \u00fcber drei Jahrzehnten ist Vertrauen die Basis meines Handelns. Einzeln oder im Verbund \u2013 mit dem richtigen Partner an seiner Seite kommt man entscheidend weiter. Und Vertrauen und Verl\u00e4sslichkeit ist hierzu der Schl\u00fcssel unseres Erfolges. Gerne erarbeiten wir auch f\u00fcr Sie ihr pers\u00f6nliches und individuelles [&hellip;]<\/p>\n","protected":false},"author":1,"featured_media":0,"parent":0,"menu_order":0,"comment_status":"closed","ping_status":"closed","template":"elementor_header_footer","meta":{"footnotes":""},"class_list":["post-1577","page","type-page","status-publish","hentry"],"_links":{"self":[{"href":"https:\/\/hitpass.immo\/nl\/wp-json\/wp\/v2\/pages\/1577","targetHints":{"allow":["GET"]}}],"collection":[{"href":"https:\/\/hitpass.immo\/nl\/wp-json\/wp\/v2\/pages"}],"about":[{"href":"https:\/\/hitpass.immo\/nl\/wp-json\/wp\/v2\/types\/page"}],"author":[{"embeddable":true,"href":"https:\/\/hitpass.immo\/nl\/wp-json\/wp\/v2\/users\/1"}],"replies":[{"embeddable":true,"href":"https:\/\/hitpass.immo\/nl\/wp-json\/wp\/v2\/comments?post=1577"}],"version-history":[{"count":43,"href":"https:\/\/hitpass.immo\/nl\/wp-json\/wp\/v2\/pages\/1577\/revisions"}],"predecessor-version":[{"id":4137,"href":"https:\/\/hitpass.immo\/nl\/wp-json\/wp\/v2\/pages\/1577\/revisions\/4137"}],"wp:attachment":[{"href":"https:\/\/hitpass.immo\/nl\/wp-json\/wp\/v2\/media?parent=1577"}],"curies":[{"name":"wp","href":"https:\/\/api.w.org\/{rel}","templated":true}]}}